{"id":359,"date":"2024-12-10T17:53:18","date_gmt":"2024-12-10T16:53:18","guid":{"rendered":"https:\/\/inmoqapital.com\/?post_type=product&#038;p=359"},"modified":"2024-12-10T18:09:30","modified_gmt":"2024-12-10T17:09:30","slug":"la-brique-mirasierra-casas","status":"publish","type":"product","link":"https:\/\/inmoqapital.com\/index.php\/producto\/la-brique-mirasierra-casas\/","title":{"rendered":"La Brique &#8211; Mirasierra &#8211; Casas"},"content":{"rendered":"<p>[et_pb_section fb_built=&#8221;1&#8243; _builder_version=&#8221;4.16&#8243; custom_padding=&#8221;0px||||false|false&#8221; global_colors_info=&#8221;{}&#8221;][et_pb_row _builder_version=&#8221;4.16&#8243; background_size=&#8221;initial&#8221; background_position=&#8221;top_left&#8221; background_repeat=&#8221;repeat&#8221; width=&#8221;100%&#8221; custom_padding=&#8221;0px||0px||false|false&#8221; global_colors_info=&#8221;{}&#8221;][et_pb_column type=&#8221;4_4&#8243; _builder_version=&#8221;4.16&#8243; custom_padding=&#8221;|||&#8221; global_colors_info=&#8221;{}&#8221; custom_padding__hover=&#8221;|||&#8221;][et_pb_wc_breadcrumb _builder_version=&#8221;4.16&#8243; global_colors_info=&#8221;{}&#8221;][\/et_pb_wc_breadcrumb][et_pb_wc_cart_notice _builder_version=&#8221;4.16&#8243; global_colors_info=&#8221;{}&#8221;][\/et_pb_wc_cart_notice][\/et_pb_column][\/et_pb_row][et_pb_row column_structure=&#8221;1_2,1_2&#8243; _builder_version=&#8221;4.16&#8243; background_size=&#8221;initial&#8221; background_position=&#8221;top_left&#8221; background_repeat=&#8221;repeat&#8221; width=&#8221;100%&#8221; custom_padding=&#8221;0px||||false|false&#8221; global_colors_info=&#8221;{}&#8221;][et_pb_column type=&#8221;1_2&#8243; _builder_version=&#8221;4.16&#8243; custom_padding=&#8221;|||&#8221; global_colors_info=&#8221;{}&#8221; custom_padding__hover=&#8221;|||&#8221;][et_pb_wc_images show_product_image=&#8221;off&#8221; force_fullwidth=&#8221;on&#8221; _builder_version=&#8221;4.22.2&#8243; _module_preset=&#8221;default&#8221; border_radii_image=&#8221;on|14px|14px|14px|14px&#8221; box_shadow_style_image=&#8221;preset1&#8243; global_colors_info=&#8221;{}&#8221;][\/et_pb_wc_images][\/et_pb_column][et_pb_column type=&#8221;1_2&#8243; _builder_version=&#8221;4.16&#8243; custom_padding=&#8221;|||&#8221; global_colors_info=&#8221;{}&#8221; custom_padding__hover=&#8221;|||&#8221;][et_pb_wc_title _builder_version=&#8221;4.16&#8243; global_colors_info=&#8221;{}&#8221;][\/et_pb_wc_title][et_pb_wc_price _builder_version=&#8221;4.22.2&#8243; body_text_color=&#8221;#e09900&#8243; body_font_size=&#8221;35px&#8221; global_colors_info=&#8221;{}&#8221;][\/et_pb_wc_price][et_pb_wc_description _builder_version=&#8221;4.16&#8243; global_colors_info=&#8221;{}&#8221;][\/et_pb_wc_description][et_pb_wc_additional_info _builder_version=&#8221;4.22.2&#8243; _module_preset=&#8221;default&#8221; global_colors_info=&#8221;{}&#8221;][\/et_pb_wc_additional_info][et_pb_button button_url=&#8221;https:\/\/wa.link\/m5sh7k&#8221; button_text=&#8221;Contactar Asesor&#8221; button_alignment=&#8221;center&#8221; _builder_version=&#8221;4.22.2&#8243; _module_preset=&#8221;default&#8221; custom_button=&#8221;on&#8221; button_text_color=&#8221;#7CDA24&#8243; button_border_radius=&#8221;30px&#8221; button_font=&#8221;Changa One||||||||&#8221; global_colors_info=&#8221;{}&#8221;][\/et_pb_button][et_pb_wc_meta _builder_version=&#8221;4.16&#8243; global_colors_info=&#8221;{}&#8221;][\/et_pb_wc_meta][\/et_pb_column][\/et_pb_row][et_pb_row _builder_version=&#8221;4.16&#8243; background_size=&#8221;initial&#8221; background_position=&#8221;top_left&#8221; background_repeat=&#8221;repeat&#8221; width=&#8221;100%&#8221; global_colors_info=&#8221;{}&#8221;][et_pb_column type=&#8221;4_4&#8243; _builder_version=&#8221;4.16&#8243; custom_padding=&#8221;|||&#8221; global_colors_info=&#8221;{}&#8221; custom_padding__hover=&#8221;|||&#8221;][et_pb_wc_tabs include_tabs=&#8221;description||&#8221; _builder_version=&#8221;4.22.2&#8243; global_colors_info=&#8221;{}&#8221;]\t\t\t\t\t[\/et_pb_wc_tabs][et_pb_wc_upsells _builder_version=&#8221;4.16&#8243; global_colors_info=&#8221;{}&#8221;][\/et_pb_wc_upsells][et_pb_wc_related_products _builder_version=&#8221;4.16&#8243; global_colors_info=&#8221;{}&#8221;][\/et_pb_wc_related_products][\/et_pb_column][\/et_pb_row][\/et_pb_section]<\/p>\n","protected":false},"excerpt":{"rendered":"<div class=\"page\" title=\"Page 4\">\n<div class=\"section\">\n<div class=\"layoutArea\">\n<div class=\"column\">\n<div class=\"et_pb_module et_pb_heading et_pb_heading_0 et_pb_bg_layout_\">\n<div class=\"et_pb_heading_container\">\n<p>Descubre tu refugio perfecto en BriHouse.<\/p>\n<p>Esta impresionante residencia te ofrece un estilo de vida sin igual, con espacios amplios y luminosos que te permitir\u00e1n disfrutar de cada momento. Imag\u00ednate despertando cada ma\u00f1ana y saliendo a tu terraza privada mientras contemplas la vista panor\u00e1mica, los acabados de alta calidad y los detalles arquitect\u00f3nicos cuidadosamente seleccionados que crean un ambiente sofisticado y acogedor. BriHouse es m\u00e1s que una casa, es una experiencia dise\u00f1ada para aquellos que buscan lo mejor.<span class=\"Apple-converted-space\">\u00a0<\/span><\/p>\n<\/div>\n<\/div>\n<\/div>\n<\/div>\n<\/div>\n<\/div>\n","protected":false},"featured_media":360,"comment_status":"open","ping_status":"closed","template":"","meta":{"_et_pb_use_builder":"on","_et_pb_old_content":"<div class=\"elementor-element elementor-element-aa116c2 elementor-widget elementor-widget-heading\" data-id=\"aa116c2\" data-element_type=\"widget\" data-widget_type=\"heading.default\">\r\n<div class=\"elementor-widget-container\">\r\n\r\nDescubre tu refugio perfecto en BriHouse.\r\n\r\nEsta impresionante residencia te ofrece un estilo de vida sin igual, con espacios amplios y luminosos que te permitir\u00e1n disfrutar de cada momento. Imag\u00ednate despertando cada ma\u00f1ana y saliendo a tu terraza privada mientras contemplas la vista panor\u00e1mica, los acabados de alta calidad y los detalles arquitect\u00f3nicos cuidadosamente seleccionados que crean un ambiente sofisticado y acogedor. BriHouse es m\u00e1s que una casa, es una experiencia dise\u00f1ada para aquellos que buscan lo mejor.<span class=\"Apple-converted-space\">\u00a0<\/span>\r\n<h5 class=\"et_pb_toggle_title\">Caracter\u00edsticas<\/h5>\r\n<div class=\"et_pb_toggle_content clearfix\">\r\n<ul>\r\n \t<li>32 casas de 95m2<\/li>\r\n \t<li>2 plantas<\/li>\r\n \t<li>3 amplias habitaciones<\/li>\r\n \t<li>Sala<\/li>\r\n \t<li>Comedor<\/li>\r\n \t<li>Cocina abierta estilo americano<\/li>\r\n \t<li>2 parqueaderos<\/li>\r\n \t<li>Acceso a terraza<\/li>\r\n<\/ul>\r\n<\/div>\r\n<\/div>\r\n<\/div>","_et_gb_content_width":"","content-type":""},"product_cat":[35,34],"product_tag":[42],"jetpack_sharing_enabled":true,"_links":{"self":[{"href":"https:\/\/inmoqapital.com\/index.php\/wp-json\/wp\/v2\/product\/359"}],"collection":[{"href":"https:\/\/inmoqapital.com\/index.php\/wp-json\/wp\/v2\/product"}],"about":[{"href":"https:\/\/inmoqapital.com\/index.php\/wp-json\/wp\/v2\/types\/product"}],"replies":[{"embeddable":true,"href":"https:\/\/inmoqapital.com\/index.php\/wp-json\/wp\/v2\/comments?post=359"}],"wp:featuredmedia":[{"embeddable":true,"href":"https:\/\/inmoqapital.com\/index.php\/wp-json\/wp\/v2\/media\/360"}],"wp:attachment":[{"href":"https:\/\/inmoqapital.com\/index.php\/wp-json\/wp\/v2\/media?parent=359"}],"wp:term":[{"taxonomy":"product_cat","embeddable":true,"href":"https:\/\/inmoqapital.com\/index.php\/wp-json\/wp\/v2\/product_cat?post=359"},{"taxonomy":"product_tag","embeddable":true,"href":"https:\/\/inmoqapital.com\/index.php\/wp-json\/wp\/v2\/product_tag?post=359"}],"curies":[{"name":"wp","href":"https:\/\/api.w.org\/{rel}","templated":true}]}}